{"id":1214,"date":"2020-05-21T16:06:51","date_gmt":"2020-05-21T19:06:51","guid":{"rendered":"https:\/\/teonix.com\/soluciones\/?page_id=1214"},"modified":"2024-09-14T15:45:01","modified_gmt":"2024-09-14T18:45:01","slug":"articulos","status":"publish","type":"page","link":"https:\/\/teonix.com\/soluciones\/articulos\/","title":{"rendered":"ARTICULOS"},"content":{"rendered":"<p><div class=\"fusion-fullwidth fullwidth-box fusion-builder-row-1 nonhundred-percent-fullwidth non-hundred-percent-height-scrolling\" style=\"--awb-border-sizes-top:0px;--awb-border-sizes-bottom:0px;--awb-border-sizes-left:0px;--awb-border-sizes-right:0px;--awb-border-radius-top-left:0px;--awb-border-radius-top-right:0px;--awb-border-radius-bottom-right:0px;--awb-border-radius-bottom-left:0px;--awb-padding-top:100px;--awb-padding-bottom:100px;--awb-flex-wrap:wrap;\" ><div class=\"fusion-builder-row fusion-row\"><div class=\"fusion-layout-column fusion_builder_column fusion-builder-column-0 fusion_builder_column_1_1 1_1 fusion-one-full fusion-column-first fusion-column-last\" style=\"--awb-bg-size:cover;\"><div class=\"fusion-column-wrapper fusion-column-has-shadow fusion-flex-column-wrapper-legacy\"><div class=\"fusion-text fusion-text-1\"><h3 style=\"text-align: center;\">ARTICULOS RECIENTES<\/h3>\n<\/div><div class=\"fusion-image-element fusion-image-align-center in-legacy-container\" style=\"text-align:center;--awb-caption-title-font-family:var(--h2_typography-font-family);--awb-caption-title-font-weight:var(--h2_typography-font-weight);--awb-caption-title-font-style:var(--h2_typography-font-style);--awb-caption-title-size:var(--h2_typography-font-size);--awb-caption-title-transform:var(--h2_typography-text-transform);--awb-caption-title-line-height:var(--h2_typography-line-height);--awb-caption-title-letter-spacing:var(--h2_typography-letter-spacing);\"><div class=\"imageframe-align-center\"><span class=\" fusion-imageframe imageframe-none imageframe-1 hover-type-none\"><img decoding=\"async\" width=\"30\" height=\"16\" title=\"divide2\" src=\"https:\/\/teonix.com\/soluciones\/wp-content\/uploads\/sites\/3\/2020\/05\/divide2.png\" alt class=\"img-responsive wp-image-1184\"\/><\/span><\/div><\/div><div class=\"fusion-sep-clear\"><\/div><div class=\"fusion-separator fusion-full-width-sep\" style=\"margin-left: auto;margin-right: auto;margin-top:10px;margin-bottom:10px;width:100%;\"><\/div><div class=\"fusion-sep-clear\"><\/div><div class=\"fusion-text fusion-text-2\"><p style=\"text-align: center; font-weight: 300; letter-spacing: 2px;\">QUE? COMO? CUANDO? DONDE?&#8230; INFORMACION, CAPACITACION Y ASESORAMIENTO EXCLUSIVO SOBRE SEGURIDAD ELECTRONICA Y PROTECCION CONTRA INCENDIO<\/p>\n<\/div><div class=\"fusion-clearfix\"><\/div><\/div><\/div><\/div><\/div><div class=\"fusion-fullwidth fullwidth-box fusion-builder-row-2 fusion-parallax-none nonhundred-percent-fullwidth non-hundred-percent-height-scrolling\" style=\"--awb-border-radius-top-left:0px;--awb-border-radius-top-right:0px;--awb-border-radius-bottom-right:0px;--awb-border-radius-bottom-left:0px;--awb-padding-top:100px;--awb-padding-bottom:100px;--awb-background-color:#303745;--awb-background-image:url(&quot;https:\/\/teonix.com\/soluciones\/wp-content\/uploads\/sites\/3\/2016\/07\/avada-creative-home1.jpg&quot;);--awb-background-size:cover;--awb-flex-wrap:wrap;\" ><div class=\"fusion-builder-row fusion-row\"><div class=\"fusion-layout-column fusion_builder_column fusion-builder-column-1 fusion_builder_column_1_1 1_1 fusion-one-full fusion-column-first fusion-column-last\" style=\"--awb-bg-size:cover;\"><div class=\"fusion-column-wrapper fusion-column-has-shadow fusion-flex-column-wrapper-legacy\"><div class=\"fusion-column-content-centered\"><div class=\"fusion-column-content\"><div class=\"fusion-blog-shortcode fusion-blog-shortcode-1 fusion-blog-archive fusion-blog-layout-grid-wrapper fusion-blog-infinite\"><style type=\"text\/css\">.fusion-blog-shortcode-1 .fusion-blog-layout-grid .fusion-post-grid{padding:20px;}.fusion-blog-shortcode-1 .fusion-posts-container{margin-left: -20px !important; margin-right:-20px !important;}<\/style><div class=\"fusion-posts-container fusion-posts-container-infinite fusion-posts-container-load-more fusion-blog-rollover fusion-blog-layout-grid fusion-blog-layout-grid-3 isotope\" data-pages=\"1\" data-grid-col-space=\"40\" style=\"margin: -20px -20px 0;min-height:500px;\"><article id=\"blog-1-post-1511\" class=\"fusion-post-grid post-1511 post type-post status-publish format-standard has-post-thumbnail hentry category-general tag-fluoro-k tag-fm-200\">\n<div class=\"fusion-post-wrapper\" style=\"background-color:rgba(255,255,255,1);border:1px solid #ffffff;border-bottom-width:3px;\">\n\n\t\t\t<div class=\"fusion-flexslider flexslider fusion-flexslider-loading fusion-post-slideshow\" style=\"border-color:#ffffff;\">\n\t\t<ul class=\"slides\">\n\t\t\t\n\t\t\t\t\t\t\t\t\t\t\t\t\t\t<li><div  class=\"fusion-image-wrapper\" aria-haspopup=\"true\">\n\t\t\t\t<img decoding=\"async\" width=\"1536\" height=\"1024\" src=\"https:\/\/teonix.com\/soluciones\/wp-content\/uploads\/sites\/3\/2025\/10\/fm-200_2.jpg\" class=\"attachment-full size-full wp-post-image\" alt=\"\" srcset=\"https:\/\/teonix.com\/soluciones\/wp-content\/uploads\/sites\/3\/2025\/10\/fm-200_2-200x133.jpg 200w, https:\/\/teonix.com\/soluciones\/wp-content\/uploads\/sites\/3\/2025\/10\/fm-200_2-400x267.jpg 400w, https:\/\/teonix.com\/soluciones\/wp-content\/uploads\/sites\/3\/2025\/10\/fm-200_2-600x400.jpg 600w, https:\/\/teonix.com\/soluciones\/wp-content\/uploads\/sites\/3\/2025\/10\/fm-200_2-800x533.jpg 800w, https:\/\/teonix.com\/soluciones\/wp-content\/uploads\/sites\/3\/2025\/10\/fm-200_2-1200x800.jpg 1200w, https:\/\/teonix.com\/soluciones\/wp-content\/uploads\/sites\/3\/2025\/10\/fm-200_2.jpg 1536w\" sizes=\"(min-width: 2200px) 100vw, (min-width: 784px) 363px, (min-width: 712px) 545px, (min-width: 640px) 712px, \" \/><div class=\"fusion-rollover\">\n\t<div class=\"fusion-rollover-content\">\n\n\t\t\t\t\t\t\t\t\t\t\t\t\t\t<a class=\"fusion-rollover-link\" href=\"https:\/\/teonix.com\/soluciones\/el-futuro-de-los-agentes-limpios-en-la-proteccion-contra-incendios\/\">El futuro de los agentes limpios en la protecci\u00f3n contra incendios<\/a>\n\t\t\t\n\t\t\t\t\t\t\t\t\n\t\t\n\t\t\t\t\t\t\t\t\n\t\t\t\t\t\t\t\t\n\t\t\n\t\t\t\t\t\t<a class=\"fusion-link-wrapper\" href=\"https:\/\/teonix.com\/soluciones\/el-futuro-de-los-agentes-limpios-en-la-proteccion-contra-incendios\/\" aria-label=\"El futuro de los agentes limpios en la protecci\u00f3n contra incendios\"><\/a>\n\t<\/div>\n<\/div>\n<\/div>\n<\/li>\n\t\t\t\n\t\t\t\n\t\t\t\t\t\t\t\t\t\t\t\t\t\t\t\t\t\t\t\t\t\t\t\t\t\t\t\t\t\t\t\t\t\t\t\t\t\t\t\t\t\t\t\t\t\t\t\t\t\t\t\t\t\t\t\t\t\t\t\t\t\t\t\t\t\t\t\t<\/ul>\n\t<\/div>\n\t<div class=\"fusion-post-content-wrapper\" style=\"padding:30px 25px 20px 25px;\"><div class=\"fusion-post-content post-content\"><h2 class=\"blog-shortcode-post-title entry-title\"><a href=\"https:\/\/teonix.com\/soluciones\/el-futuro-de-los-agentes-limpios-en-la-proteccion-contra-incendios\/\">El futuro de los agentes limpios en la protecci\u00f3n contra incendios<\/a><\/h2><p class=\"fusion-single-line-meta\">By <span class=\"vcard\"><span class=\"fn\"><a href=\"https:\/\/teonix.com\/soluciones\/author\/wphost\/\" title=\"Posts by Fabio\" rel=\"author\">Fabio<\/a><\/span><\/span><span class=\"fusion-inline-sep\">|<\/span><span class=\"updated\" style=\"display:none;\">2025-10-08T10:19:33-03:00<\/span><span>October 8th, 2025<\/span><span class=\"fusion-inline-sep\">|<\/span><span class=\"meta-tags\">Tags: <a href=\"https:\/\/teonix.com\/soluciones\/tag\/fluoro-k\/\" rel=\"tag\">Fluoro-K<\/a>, <a href=\"https:\/\/teonix.com\/soluciones\/tag\/fm-200\/\" rel=\"tag\">FM-200<\/a><\/span><span class=\"fusion-inline-sep\">|<\/span><\/p><div class=\"fusion-content-sep sep-none\"><\/div><div class=\"fusion-post-content-container\"><p> Un cambio que ya est\u00e1 en marcha.  \u00a0En Argentina, la Secretar\u00eda de Ambiente emiti\u00f3 resoluciones que acompa\u00f1an los compromisos internacionales para reducir el uso de gases con alto impacto ambiental. Entre ellos se [...]<\/p><\/div><\/div><div class=\"fusion-meta-info\"><div class=\"fusion-alignleft\"><a class=\"fusion-read-more\" href=\"https:\/\/teonix.com\/soluciones\/el-futuro-de-los-agentes-limpios-en-la-proteccion-contra-incendios\/\" aria-label=\"More on El futuro de los agentes limpios en la protecci\u00f3n contra incendios\">Read More<\/a><\/div><\/div><\/div><div class=\"fusion-clearfix\"><\/div><\/div>\n<\/article>\n<article id=\"blog-1-post-1157\" class=\"fusion-post-grid post-1157 post type-post status-publish format-standard has-post-thumbnail hentry category-general\">\n<div class=\"fusion-post-wrapper\" style=\"background-color:rgba(255,255,255,1);border:1px solid #ffffff;border-bottom-width:3px;\">\n\n\t\t\t<div class=\"fusion-flexslider flexslider fusion-flexslider-loading fusion-post-slideshow\" style=\"border-color:#ffffff;\">\n\t\t<ul class=\"slides\">\n\t\t\t\n\t\t\t\t\t\t\t\t\t\t\t\t\t\t<li><div  class=\"fusion-image-wrapper\" aria-haspopup=\"true\">\n\t\t\t\t<img decoding=\"async\" width=\"1128\" height=\"1062\" src=\"https:\/\/teonix.com\/soluciones\/wp-content\/uploads\/sites\/3\/2020\/05\/FM200.jpg\" class=\"attachment-full size-full wp-post-image\" alt=\"\" srcset=\"https:\/\/teonix.com\/soluciones\/wp-content\/uploads\/sites\/3\/2020\/05\/FM200-200x188.jpg 200w, https:\/\/teonix.com\/soluciones\/wp-content\/uploads\/sites\/3\/2020\/05\/FM200-400x377.jpg 400w, https:\/\/teonix.com\/soluciones\/wp-content\/uploads\/sites\/3\/2020\/05\/FM200-600x565.jpg 600w, https:\/\/teonix.com\/soluciones\/wp-content\/uploads\/sites\/3\/2020\/05\/FM200-800x753.jpg 800w, https:\/\/teonix.com\/soluciones\/wp-content\/uploads\/sites\/3\/2020\/05\/FM200.jpg 1128w\" sizes=\"(min-width: 2200px) 100vw, (min-width: 784px) 363px, (min-width: 712px) 545px, (min-width: 640px) 712px, \" \/><div class=\"fusion-rollover\">\n\t<div class=\"fusion-rollover-content\">\n\n\t\t\t\t\t\t\t\t\t\t\t\t\t\t<a class=\"fusion-rollover-link\" href=\"https:\/\/teonix.com\/soluciones\/el-gas-fm200-es-mortal\/\">El gas FM200 es mortal?<\/a>\n\t\t\t\n\t\t\t\t\t\t\t\t\n\t\t\n\t\t\t\t\t\t\t\t\n\t\t\t\t\t\t\t\t\n\t\t\n\t\t\t\t\t\t<a class=\"fusion-link-wrapper\" href=\"https:\/\/teonix.com\/soluciones\/el-gas-fm200-es-mortal\/\" aria-label=\"El gas FM200 es mortal?\"><\/a>\n\t<\/div>\n<\/div>\n<\/div>\n<\/li>\n\t\t\t\n\t\t\t\n\t\t\t\t\t\t\t\t\t\t\t\t\t\t\t\t\t\t\t\t\t\t\t\t\t\t\t\t\t\t\t\t\t\t\t\t\t\t\t\t\t\t\t\t\t\t\t\t\t\t\t\t\t\t\t\t\t\t\t\t\t\t\t\t\t\t\t\t<\/ul>\n\t<\/div>\n\t<div class=\"fusion-post-content-wrapper\" style=\"padding:30px 25px 20px 25px;\"><div class=\"fusion-post-content post-content\"><h2 class=\"blog-shortcode-post-title entry-title\"><a href=\"https:\/\/teonix.com\/soluciones\/el-gas-fm200-es-mortal\/\">El gas FM200 es mortal?<\/a><\/h2><p class=\"fusion-single-line-meta\">By <span class=\"vcard\"><span class=\"fn\"><a href=\"https:\/\/teonix.com\/soluciones\/author\/mmadronero\/\" title=\"Posts by Maria\" rel=\"author\">Maria<\/a><\/span><\/span><span class=\"fusion-inline-sep\">|<\/span><span class=\"updated\" style=\"display:none;\">2020-05-21T16:25:08-03:00<\/span><span>May 19th, 2020<\/span><span class=\"fusion-inline-sep\">|<\/span><\/p><div class=\"fusion-content-sep sep-none\"><\/div><div class=\"fusion-post-content-container\"><p>El FM200 es mortal?   E sta debe ser una de las consultas m\u00e1s comunes de mis clientes\u2026 La respuesta en la mayor\u00eda de los casos es NO, pero hay casos en los que [...]<\/p><\/div><\/div><div class=\"fusion-meta-info\"><div class=\"fusion-alignleft\"><a class=\"fusion-read-more\" href=\"https:\/\/teonix.com\/soluciones\/el-gas-fm200-es-mortal\/\" aria-label=\"More on El gas FM200 es mortal?\">Read More<\/a><\/div><\/div><\/div><div class=\"fusion-clearfix\"><\/div><\/div>\n<\/article>\n<article id=\"blog-1-post-1144\" class=\"fusion-post-grid post-1144 post type-post status-publish format-standard has-post-thumbnail hentry category-general\">\n<div class=\"fusion-post-wrapper\" style=\"background-color:rgba(255,255,255,1);border:1px solid #ffffff;border-bottom-width:3px;\">\n\n\t\t\t<div class=\"fusion-flexslider flexslider fusion-flexslider-loading fusion-post-slideshow\" style=\"border-color:#ffffff;\">\n\t\t<ul class=\"slides\">\n\t\t\t\n\t\t\t\t\t\t\t\t\t\t\t\t\t\t<li><div  class=\"fusion-image-wrapper\" aria-haspopup=\"true\">\n\t\t\t\t<img decoding=\"async\" width=\"1000\" height=\"668\" src=\"https:\/\/teonix.com\/soluciones\/wp-content\/uploads\/sites\/3\/2020\/05\/DATA-center-extincion.jpg\" class=\"attachment-full size-full wp-post-image\" alt=\"\" srcset=\"https:\/\/teonix.com\/soluciones\/wp-content\/uploads\/sites\/3\/2020\/05\/DATA-center-extincion-200x134.jpg 200w, https:\/\/teonix.com\/soluciones\/wp-content\/uploads\/sites\/3\/2020\/05\/DATA-center-extincion-400x267.jpg 400w, https:\/\/teonix.com\/soluciones\/wp-content\/uploads\/sites\/3\/2020\/05\/DATA-center-extincion-600x401.jpg 600w, https:\/\/teonix.com\/soluciones\/wp-content\/uploads\/sites\/3\/2020\/05\/DATA-center-extincion-800x534.jpg 800w, https:\/\/teonix.com\/soluciones\/wp-content\/uploads\/sites\/3\/2020\/05\/DATA-center-extincion.jpg 1000w\" sizes=\"(min-width: 2200px) 100vw, (min-width: 784px) 363px, (min-width: 712px) 545px, (min-width: 640px) 712px, \" \/><div class=\"fusion-rollover\">\n\t<div class=\"fusion-rollover-content\">\n\n\t\t\t\t\t\t\t\t\t\t\t\t\t\t<a class=\"fusion-rollover-link\" href=\"https:\/\/teonix.com\/soluciones\/proteccion-de-datacenters-ups-y-algo-mas\/\">Protecci\u00f3n de Datacenters, UPS y algo m\u00e1s\u2026<\/a>\n\t\t\t\n\t\t\t\t\t\t\t\t\n\t\t\n\t\t\t\t\t\t\t\t\n\t\t\t\t\t\t\t\t\n\t\t\n\t\t\t\t\t\t<a class=\"fusion-link-wrapper\" href=\"https:\/\/teonix.com\/soluciones\/proteccion-de-datacenters-ups-y-algo-mas\/\" aria-label=\"Protecci\u00f3n de Datacenters, UPS y algo m\u00e1s\u2026\"><\/a>\n\t<\/div>\n<\/div>\n<\/div>\n<\/li>\n\t\t\t\n\t\t\t\n\t\t\t\t\t\t\t\t\t\t\t\t\t\t\t\t\t\t\t\t\t\t\t\t\t\t\t\t\t\t\t\t\t\t\t\t\t\t\t\t\t\t\t\t\t\t\t\t\t\t\t\t\t\t\t\t\t\t\t\t\t\t\t\t\t\t\t\t<\/ul>\n\t<\/div>\n\t<div class=\"fusion-post-content-wrapper\" style=\"padding:30px 25px 20px 25px;\"><div class=\"fusion-post-content post-content\"><h2 class=\"blog-shortcode-post-title entry-title\"><a href=\"https:\/\/teonix.com\/soluciones\/proteccion-de-datacenters-ups-y-algo-mas\/\">Protecci\u00f3n de Datacenters, UPS y algo m\u00e1s\u2026<\/a><\/h2><p class=\"fusion-single-line-meta\">By <span class=\"vcard\"><span class=\"fn\"><a href=\"https:\/\/teonix.com\/soluciones\/author\/mmadronero\/\" title=\"Posts by Maria\" rel=\"author\">Maria<\/a><\/span><\/span><span class=\"fusion-inline-sep\">|<\/span><span class=\"updated\" style=\"display:none;\">2020-05-19T22:32:01-03:00<\/span><span>May 19th, 2020<\/span><span class=\"fusion-inline-sep\">|<\/span><\/p><div class=\"fusion-content-sep sep-none\"><\/div><div class=\"fusion-post-content-container\"><p> Protecci\u00f3n de Datacenters, UPS y algo m\u00e1s...   Hoy m\u00e1s que nunca somos conscientes de la importancia de la operatividad de las empresas. La p\u00e9rdida que ocasiona estar fuera de operaci\u00f3n, aunque s\u00f3lo [...]<\/p><\/div><\/div><div class=\"fusion-meta-info\"><div class=\"fusion-alignleft\"><a class=\"fusion-read-more\" href=\"https:\/\/teonix.com\/soluciones\/proteccion-de-datacenters-ups-y-algo-mas\/\" aria-label=\"More on Protecci\u00f3n de Datacenters, UPS y algo m\u00e1s\u2026\">Read More<\/a><\/div><\/div><\/div><div class=\"fusion-clearfix\"><\/div><\/div>\n<\/article>\n<div class=\"fusion-clearfix\"><\/div><\/div><\/div><\/div><\/div><div class=\"fusion-clearfix\"><\/div><\/div><\/div><\/div><\/div><div class=\"fusion-fullwidth fullwidth-box fusion-builder-row-3 nonhundred-percent-fullwidth non-hundred-percent-height-scrolling\" style=\"--awb-border-radius-top-left:0px;--awb-border-radius-top-right:0px;--awb-border-radius-bottom-right:0px;--awb-border-radius-bottom-left:0px;--awb-padding-bottom:20px;--awb-flex-wrap:wrap;\" ><div class=\"fusion-builder-row fusion-row\"><div class=\"fusion-layout-column fusion_builder_column fusion-builder-column-2 fusion_builder_column_1_1 1_1 fusion-one-full fusion-column-first fusion-column-last\" style=\"--awb-bg-size:cover;\"><div class=\"fusion-column-wrapper fusion-column-has-shadow fusion-flex-column-wrapper-legacy\"><div class=\"fusion-sep-clear\"><\/div><div class=\"fusion-separator fusion-full-width-sep\" style=\"margin-left: auto;margin-right: auto;margin-top:30px;margin-bottom:30px;width:100%;\"><\/div><div class=\"fusion-sep-clear\"><\/div><div class=\"fusion-text fusion-text-3\"><p><span style=\"font-family: 'playfair'; font-size: 90px; line-height: 30px; vertical-align: middle; margin-bottom: -20px; margin-right: 20px;\">&#8220;<\/span><span style=\"font-family: 'playfair'; font-size: 30px; line-height: 60px; font-weight: 400; font-style: normal;\">La \u00fanica forma de hacer un gran trabajo es amar lo que haces.<\/span><\/p>\n<\/div><div class=\"fusion-text fusion-text-4\"><p style=\"font-weight: bold; letter-spacing: 4px;\"><span style=\"color: #fff; background-color: #4e4e4e; padding-left: 3px;\"> STEVE<\/span> JOBS<\/p>\n<\/div><div class=\"fusion-clearfix\"><\/div><\/div><\/div><\/div><\/div><div class=\"fusion-bg-parallax\" data-bg-align=\"center center\" data-direction=\"left\" data-mute=\"false\" data-opacity=\"100\" data-velocity=\"-0.5\" data-mobile-enabled=\"false\" data-break_parents=\"0\" data-bg-image=\"https:\/\/teonix.com\/soluciones\/wp-content\/uploads\/sites\/3\/2016\/07\/avada-creative-home1.jpg\" data-bg-repeat=\"false\" ><\/div><div class=\"fusion-fullwidth fullwidth-box fusion-builder-row-4 fusion-parallax-left nonhundred-percent-fullwidth non-hundred-percent-height-scrolling fusion-equal-height-columns\" style=\"--awb-border-sizes-top:0px;--awb-border-sizes-bottom:0px;--awb-border-sizes-left:0px;--awb-border-sizes-right:0px;--awb-border-radius-top-left:0px;--awb-border-radius-top-right:0px;--awb-border-radius-bottom-right:0px;--awb-border-radius-bottom-left:0px;--awb-background-image:url(&quot;https:\/\/teonix.com\/soluciones\/wp-content\/uploads\/sites\/3\/2016\/07\/avada-creative-home1.jpg&quot;);--awb-background-size:cover;--awb-flex-wrap:wrap;\" ><div class=\"fusion-builder-row fusion-row\"><div class=\"fusion-layout-column fusion_builder_column fusion-builder-column-3 fusion_builder_column_1_1 1_1 fusion-one-full fusion-column-first fusion-column-last\" style=\"--awb-padding-top:18%;--awb-padding-bottom:18%;--awb-bg-size:cover;\"><div class=\"fusion-column-wrapper fusion-flex-column-wrapper-legacy\"><div class=\"fusion-column-content-centered\"><div class=\"fusion-column-content\"><div class=\"fusion-image-element fusion-image-align-center in-legacy-container\" style=\"text-align:center;--awb-caption-title-font-family:var(--h2_typography-font-family);--awb-caption-title-font-weight:var(--h2_typography-font-weight);--awb-caption-title-font-style:var(--h2_typography-font-style);--awb-caption-title-size:var(--h2_typography-font-size);--awb-caption-title-transform:var(--h2_typography-text-transform);--awb-caption-title-line-height:var(--h2_typography-line-height);--awb-caption-title-letter-spacing:var(--h2_typography-letter-spacing);\"><div class=\"imageframe-align-center\"><span class=\" fusion-imageframe imageframe-none imageframe-2 hover-type-none\"><img decoding=\"async\" width=\"142\" height=\"160\" title=\"teonix-logo-v2-bgw-142&#215;160\" src=\"https:\/\/teonix.com\/soluciones\/wp-content\/uploads\/sites\/3\/2024\/09\/teonix-logo-v2-bgw-142x160-1.png\" alt class=\"img-responsive wp-image-1356\"\/><\/span><\/div><\/div><div class=\"fusion-text fusion-text-5\"><h1 class=\"fusion-responsive-typography-calculated\" style=\"text-align: center; --fontsize: 84; line-height: 1.4;\" data-inline-fontsize=\"true\" data-inline-lineheight=\"true\" data-fontsize=\"84\" data-lineheight=\"117.6px\"><span style=\"color: #ffffff;\">Est\u00e1s listo?<\/span><\/h1>\n<\/div><div class=\"fusion-text fusion-text-6\"><p style=\"font-weight: 300; text-align: center; color: #fff; letter-spacing: 2px;\">TENES UN PROYECTO O IDEA EN LA QUE PODAMOS AYUDARTE?<\/p>\n<\/div><div class=\"fusion-sep-clear\"><\/div><div class=\"fusion-separator fusion-full-width-sep\" style=\"margin-left: auto;margin-right: auto;margin-top:5px;width:100%;\"><\/div><div class=\"fusion-sep-clear\"><\/div><div class=\"fusion-aligncenter\"><a class=\"fusion-button button-flat fusion-button-default-size button-custom fusion-button-default button-1 fusion-button-default-span fusion-button-default-type\" style=\"--button_accent_color:#1f1f27;--button_border_color:#1f1f27;--button_accent_hover_color:#ffffff;--button_border_hover_color:#ffffff;--button_gradient_top_color:#ffffff;--button_gradient_bottom_color:#ffffff;--button_gradient_top_color_hover:#1d6ce2;--button_gradient_bottom_color_hover:#1d6ce2;\" target=\"_self\" href=\"http:\/\/teonix.com\/soluciones\/contact-us\/\"><i class=\" fa fa-play awb-button__icon awb-button__icon--default button-icon-left\" aria-hidden=\"true\"><\/i><span class=\"fusion-button-text awb-button__text awb-button__text--default\">Contactanos<\/span><\/a><\/div><\/div><\/div><div class=\"fusion-clearfix\"><\/div><\/div><\/div><\/div><\/div>\n<\/p>\n","protected":false},"excerpt":{"rendered":"","protected":false},"author":1,"featured_media":0,"parent":0,"menu_order":0,"comment_status":"closed","ping_status":"closed","template":"100-width.php","meta":{"footnotes":""},"class_list":["post-1214","page","type-page","status-publish","hentry"],"_links":{"self":[{"href":"https:\/\/teonix.com\/soluciones\/wp-json\/wp\/v2\/pages\/1214","targetHints":{"allow":["GET"]}}],"collection":[{"href":"https:\/\/teonix.com\/soluciones\/wp-json\/wp\/v2\/pages"}],"about":[{"href":"https:\/\/teonix.com\/soluciones\/wp-json\/wp\/v2\/types\/page"}],"author":[{"embeddable":true,"href":"https:\/\/teonix.com\/soluciones\/wp-json\/wp\/v2\/users\/1"}],"replies":[{"embeddable":true,"href":"https:\/\/teonix.com\/soluciones\/wp-json\/wp\/v2\/comments?post=1214"}],"version-history":[{"count":6,"href":"https:\/\/teonix.com\/soluciones\/wp-json\/wp\/v2\/pages\/1214\/revisions"}],"predecessor-version":[{"id":1363,"href":"https:\/\/teonix.com\/soluciones\/wp-json\/wp\/v2\/pages\/1214\/revisions\/1363"}],"wp:attachment":[{"href":"https:\/\/teonix.com\/soluciones\/wp-json\/wp\/v2\/media?parent=1214"}],"curies":[{"name":"wp","href":"https:\/\/api.w.org\/{rel}","templated":true}]}}